{"id":8,"date":"2022-05-01T01:34:37","date_gmt":"2022-05-01T01:34:37","guid":{"rendered":"http:\/\/gisiap.com.mx\/index.php\/my-account\/"},"modified":"2022-05-24T03:28:27","modified_gmt":"2022-05-24T03:28:27","slug":"my-account","status":"publish","type":"page","link":"https:\/\/gisiap.com.mx\/index.php\/my-account\/","title":{"rendered":"Servicios"},"content":{"rendered":"\n<h3>*Evaluaci\u00f3n de eficacia biol\u00f3gica de plaguicidas acorde a la <strong>NOM-032-SAG\/FITO-2014<\/strong><\/h3>\n\n\n\n<h2 class=\"has-text-align-center\">Materias de estudio<\/h2>\n\n\n\n<p class=\"has-text-align-center\"><strong>I<mark style=\"background-color:rgba(0, 0, 0, 0);color:#18007b\" class=\"has-inline-color\">nsecticidas \u2013 Acaricidas \u2013 Herbicidas \u2013 Fungicidas \u2013 Nematicidas &#8211; Bactericidas<\/mark><\/strong><\/p>\n\n\n\n<h3>* Asistencia y acompa\u00f1amiento t\u00e9cnico<\/h3>\n\n\n\n<h3>*Cursos y talleres de capacitaci\u00f3n<\/h3>\n\n\n\n<h3>*Evaluaci\u00f3n de nutrientes vegetales<\/h3>\n\n\n\n<h3>*Ensayos y protocolos<\/h3>\n\n\n\n<div class=\"wp-block-image is-style-default\"><figure class=\"aligncenter size-large is-resized\"><img loading=\"lazy\" src=\"http:\/\/gisiap.com.mx\/wp-content\/uploads\/2022\/05\/logo-en-grande-1024x527.jpg\" alt=\"\" class=\"wp-image-73\" width=\"426\" height=\"219\" srcset=\"https:\/\/gisiap.com.mx\/wp-content\/uploads\/2022\/05\/logo-en-grande-1024x527.jpg 1024w, https:\/\/gisiap.com.mx\/wp-content\/uploads\/2022\/05\/logo-en-grande-300x154.jpg 300w, https:\/\/gisiap.com.mx\/wp-content\/uploads\/2022\/05\/logo-en-grande-768x395.jpg 768w, https:\/\/gisiap.com.mx\/wp-content\/uploads\/2022\/05\/logo-en-grande-600x309.jpg 600w, https:\/\/gisiap.com.mx\/wp-content\/uploads\/2022\/05\/logo-en-grande.jpg 1228w\" sizes=\"(max-width: 426px) 100vw, 426px\" \/><\/figure><\/div>\n","protected":false},"excerpt":{"rendered":"<p>*Evaluaci\u00f3n de eficacia biol\u00f3gica de plaguicidas acorde a la NOM-032-SAG\/FITO-2014 Materias de estudio Insecticidas \u2013 Acaricidas \u2013 Herbicidas \u2013 Fungicidas \u2013 Nematicidas &#8211; Bactericidas * Asistencia y acompa\u00f1amiento t\u00e9cnico *Cursos y talleres de capacitaci\u00f3n *Evaluaci\u00f3n de nutrientes vegetales *Ensayos y protocolos<\/p>\n","protected":false},"author":1,"featured_media":0,"parent":0,"menu_order":0,"comment_status":"closed","ping_status":"closed","template":"","meta":{"om_disable_all_campaigns":false,"_monsterinsights_skip_tracking":false,"_monsterinsights_sitenote_active":false,"_monsterinsights_sitenote_note":"","_monsterinsights_sitenote_category":0},"_links":{"self":[{"href":"https:\/\/gisiap.com.mx\/index.php\/wp-json\/wp\/v2\/pages\/8"}],"collection":[{"href":"https:\/\/gisiap.com.mx\/index.php\/wp-json\/wp\/v2\/pages"}],"about":[{"href":"https:\/\/gisiap.com.mx\/index.php\/wp-json\/wp\/v2\/types\/page"}],"author":[{"embeddable":true,"href":"https:\/\/gisiap.com.mx\/index.php\/wp-json\/wp\/v2\/users\/1"}],"replies":[{"embeddable":true,"href":"https:\/\/gisiap.com.mx\/index.php\/wp-json\/wp\/v2\/comments?post=8"}],"version-history":[{"count":7,"href":"https:\/\/gisiap.com.mx\/index.php\/wp-json\/wp\/v2\/pages\/8\/revisions"}],"predecessor-version":[{"id":133,"href":"https:\/\/gisiap.com.mx\/index.php\/wp-json\/wp\/v2\/pages\/8\/revisions\/133"}],"wp:attachment":[{"href":"https:\/\/gisiap.com.mx\/index.php\/wp-json\/wp\/v2\/media?parent=8"}],"curies":[{"name":"wp","href":"https:\/\/api.w.org\/{rel}","templated":true}]}}